{"id":28,"date":"2019-10-19T21:45:00","date_gmt":"2019-10-19T19:45:00","guid":{"rendered":"http:\/\/wordpress.bauernhaus-urlaub.de\/?page_id=28"},"modified":"2019-10-19T21:45:00","modified_gmt":"2019-10-19T19:45:00","slug":"impressum","status":"publish","type":"page","link":"https:\/\/www.bauernhaus-urlaub.de\/index.php\/impressum\/","title":{"rendered":"Impressum"},"content":{"rendered":"\n<h4 class=\"wp-block-heading\">Angaben gem\u00e4\u00df \u00a7 5 TMG:<\/h4>\n\n\n\n<p>Vermietergemeinschaft Katharina K\u00fchnel &amp; Karl B\u00f6ckmann<br>Oldenburger Str. 20<br>26197 Gro\u00dfenkneten<br><br>Telefon:<br>04435\/387375<br>E-Mail:<br>info(at)bauernhaus-urlaub.de\n<\/p>\n\n\n\n<p>Quelle: erstellt mit dem Impressum-Generator Gesellschaft b\u00fcrgerlichen Rechts (GbR) von eRecht24.\n<\/p>\n\n\n\n<p>Diese Seiten wurden erstellt mit Hilfe von:  <a target=\"_blank\" href=\"http:\/\/www.netzlich.de\" rel=\"noreferrer noopener\">netzlich.de<\/a>.\n<\/p>\n\n\n\n<h3 class=\"wp-block-heading\">Haftungsausschluss:<\/h3>\n\n\n\n<h4 class=\"wp-block-heading\">Haftung f\u00fcr Inhalte<\/h4>\n\n\n\n<p>Die Inhalte unserer Seiten wurden mit gr\u00f6\u00dfter Sorgfalt erstellt. F\u00fcr \ndie Richtigkeit, Vollst\u00e4ndigkeit und Aktualit\u00e4t der Inhalte k\u00f6nnen wir \njedoch keine Gew\u00e4hr \u00fcbernehmen. Als Diensteanbieter sind wir gem\u00e4\u00df \u00a7 7 \nAbs.1 TMG f\u00fcr eigene Inhalte auf diesen Seiten nach den allgemeinen \nGesetzen verantwortlich. Nach \u00a7\u00a7 8 bis 10 TMG sind wir als \nDiensteanbieter jedoch nicht verpflichtet, \u00fcbermittelte oder \ngespeicherte fremde Informationen zu \u00fcberwachen oder nach Umst\u00e4nden zu \nforschen, die auf eine rechtswidrige T\u00e4tigkeit hinweisen. \nVerpflichtungen zur Entfernung oder Sperrung der Nutzung von \nInformationen nach den allgemeinen Gesetzen bleiben hiervon unber\u00fchrt. \nEine diesbez\u00fcgliche Haftung ist jedoch erst ab dem Zeitpunkt der \nKenntnis einer konkreten Rechtsverletzung m\u00f6glich. Bei Bekanntwerden von\n entsprechenden Rechtsverletzungen werden wir diese Inhalte umgehend \nentfernen.\n<\/p>\n\n\n\n<h4 class=\"wp-block-heading\">Haftung f\u00fcr Links<\/h4>\n\n\n\n<p>Unser Angebot enth\u00e4lt Links zu externen Webseiten Dritter, auf deren \nInhalte wir keinen Einfluss haben. Deshalb k\u00f6nnen wir f\u00fcr diese fremden \nInhalte auch keine Gew\u00e4hr \u00fcbernehmen. F\u00fcr die Inhalte der verlinkten \nSeiten ist stets der jeweilige Anbieter oder Betreiber der Seiten \nverantwortlich. Die verlinkten Seiten wurden zum Zeitpunkt der \nVerlinkung auf m\u00f6gliche Rechtsverst\u00f6\u00dfe \u00fcberpr\u00fcft. Rechtswidrige Inhalte \nwaren zum Zeitpunkt der Verlinkung nicht erkennbar. Eine permanente \ninhaltliche Kontrolle der verlinkten Seiten ist jedoch ohne konkrete \nAnhaltspunkte einer Rechtsverletzung nicht zumutbar. Bei Bekanntwerden \nvon Rechtsverletzungen werden wir derartige Links umgehend entfernen.\n<\/p>\n\n\n\n<h4 class=\"wp-block-heading\">Urheberrecht<\/h4>\n\n\n\n<p>Die durch die Seitenbetreiber erstellten Inhalte und Werke auf diesen\n Seiten unterliegen dem deutschen Urheberrecht. Die Vervielf\u00e4ltigung, \nBearbeitung, Verbreitung und jede Art der Verwertung au\u00dferhalb der \nGrenzen des Urheberrechtes bed\u00fcrfen der schriftlichen Zustimmung des \njeweiligen Autors bzw. Erstellers. Downloads und Kopien dieser Seite \nsind nur f\u00fcr den privaten, nicht kommerziellen Gebrauch gestattet. \nSoweit die Inhalte auf dieser Seite nicht vom Betreiber erstellt wurden,\n werden die Urheberrechte Dritter beachtet. Insbesondere werden Inhalte \nDritter als solche gekennzeichnet. Sollten Sie trotzdem auf eine \nUrheberrechtsverletzung aufmerksam werden, bitten wir um einen \nentsprechenden Hinweis. Bei Bekanntwerden von Rechtsverletzungen werden \nwir derartige Inhalte umgehend entfernen.\n<\/p>\n\n\n\n<h4 class=\"wp-block-heading\">Datenschutz<\/h4>\n\n\n\n<p>Die Nutzung unserer Webseite ist in der Regel ohne Angabe \npersonenbezogener Daten m\u00f6glich. Soweit auf unseren Seiten \npersonenbezogene Daten (beispielsweise Name, Anschrift oder \neMail-Adressen) erhoben werden, erfolgt dies, soweit m\u00f6glich, stets auf \nfreiwilliger Basis. Diese Daten werden ohne Ihre ausdr\u00fcckliche \nZustimmung nicht an Dritte weitergegeben. \n<\/p>\n\n\n\n<p>Wir weisen darauf hin, dass die Daten\u00fcbertragung im \nInternet (z.B. bei der Kommunikation per E-Mail) Sicherheitsl\u00fccken \naufweisen kann. Ein l\u00fcckenloser Schutz der Daten vor dem Zugriff durch \nDritte ist nicht m\u00f6glich. \n<\/p>\n\n\n\n<p>Der Nutzung von im Rahmen der Impressumspflicht \nver\u00f6ffentlichten Kontaktdaten durch Dritte zur \u00dcbersendung von nicht \nausdr\u00fccklich angeforderter Werbung und Informationsmaterialien wird \nhiermit ausdr\u00fccklich widersprochen. Die Betreiber der Seiten behalten \nsich ausdr\u00fccklich rechtliche Schritte im Falle der unverlangten \nZusendung von Werbeinformationen, etwa durch Spam-Mails, vor.\n<\/p>\n\n\n\n<p>Quelle: Disclaimer von eRecht24, dem Portal zum Internetrecht von Rechtsanwalt S\u00f6ren Siebert.\n<\/p>\n","protected":false},"excerpt":{"rendered":"<p>Angaben gem\u00e4\u00df \u00a7 5 TMG: Vermietergemeinschaft Katharina K\u00fchnel &amp; Karl B\u00f6ckmannOldenburger Str. 2026197 Gro\u00dfenkneten Telefon:04435\/387375E-Mail:info(at)bauernhaus-urlaub.de Quelle: erstellt mit dem Impressum-Generator Gesellschaft b\u00fcrgerlichen Rechts (GbR) von eRecht24. Diese Seiten wurden erstellt mit Hilfe von: netzlich.de. Haftungsausschluss: Haftung f\u00fcr Inhalte Die Inhalte &hellip; <a href=\"https:\/\/www.bauernhaus-urlaub.de\/index.php\/impressum\/\">Weiterlesen <span class=\"meta-nav\">&rarr;<\/span><\/a><\/p>\n","protected":false},"author":3,"featured_media":0,"parent":0,"menu_order":0,"comment_status":"closed","ping_status":"closed","template":"","meta":{"footnotes":""},"class_list":["post-28","page","type-page","status-publish","hentry"],"_links":{"self":[{"href":"https:\/\/www.bauernhaus-urlaub.de\/index.php\/wp-json\/wp\/v2\/pages\/28","targetHints":{"allow":["GET"]}}],"collection":[{"href":"https:\/\/www.bauernhaus-urlaub.de\/index.php\/wp-json\/wp\/v2\/pages"}],"about":[{"href":"https:\/\/www.bauernhaus-urlaub.de\/index.php\/wp-json\/wp\/v2\/types\/page"}],"author":[{"embeddable":true,"href":"https:\/\/www.bauernhaus-urlaub.de\/index.php\/wp-json\/wp\/v2\/users\/3"}],"replies":[{"embeddable":true,"href":"https:\/\/www.bauernhaus-urlaub.de\/index.php\/wp-json\/wp\/v2\/comments?post=28"}],"version-history":[{"count":0,"href":"https:\/\/www.bauernhaus-urlaub.de\/index.php\/wp-json\/wp\/v2\/pages\/28\/revisions"}],"wp:attachment":[{"href":"https:\/\/www.bauernhaus-urlaub.de\/index.php\/wp-json\/wp\/v2\/media?parent=28"}],"curies":[{"name":"wp","href":"https:\/\/api.w.org\/{rel}","templated":true}]}}