{"id":17,"date":"2019-10-19T21:36:49","date_gmt":"2019-10-19T19:36:49","guid":{"rendered":"http:\/\/wordpress.bauernhaus-urlaub.de\/?page_id=17"},"modified":"2024-07-10T18:16:58","modified_gmt":"2024-07-10T16:16:58","slug":"altes-bauernhaus","status":"publish","type":"page","link":"https:\/\/www.bauernhaus-urlaub.de\/index.php\/altes-bauernhaus\/","title":{"rendered":"Altes Bauernhaus"},"content":{"rendered":"\n<p>Wir (Katharina und Karl) haben \ndieses Haus 2009 gekauft, zusammen mit einem Grundst\u00fcck von ca. 1ha. \nBerichten zufolge wurde es um 1850 zusammen mit zwei weiteren  H\u00e4usern \ndieser Art in dem Gro\u00dfenkneter Ortsteil Regente erbaut. Es gibt eine \nReihe von Vorbesitzern, jeder scheint ein wenig an diesem Haus ver\u00e4ndert\n zu haben. Vor die Vorderfront wurde eine Fachwerkwand gesetzt, innen \nwurde immer mal wieder renoviert. Wir haben es schlie\u00dflich in \nwohnfertigem Zustand erworben, waren aber mit einigen Ver\u00e4nderungen \nnicht einverstanden. So wurde die ehemalige Dielent\u00fcr von Vorbesitzern \ndurch ein Fenster ersetzt, welches nicht zu \u00f6ffnen war. Dieses Fenster \nwurde von uns entfernt und zumindest optisch die Dielent\u00fcr wieder \nhergestellt.\n<\/p>\n\n\n\n<figure class=\"wp-block-gallery has-nested-images columns-default is-cropped wp-block-gallery-1 is-layout-flex wp-block-gallery-is-layout-flex\">\n<figure class=\"wp-block-image\"><img loading=\"lazy\" decoding=\"async\" width=\"448\" height=\"336\" data-id=\"62\" src=\"https:\/\/www.bauernhaus-urlaub.de\/wp-content\/uploads\/2019\/10\/Haus-hinten1.jpg\" alt=\"\" class=\"wp-image-62\" srcset=\"https:\/\/www.bauernhaus-urlaub.de\/wp-content\/uploads\/2019\/10\/Haus-hinten1.jpg 448w, https:\/\/www.bauernhaus-urlaub.de\/wp-content\/uploads\/2019\/10\/Haus-hinten1-300x225.jpg 300w\" sizes=\"auto, (max-width: 448px) 100vw, 448px\" \/><\/figure>\n\n\n\n<figure class=\"wp-block-image\"><img loading=\"lazy\" decoding=\"async\" width=\"448\" height=\"336\" data-id=\"63\" src=\"https:\/\/www.bauernhaus-urlaub.de\/wp-content\/uploads\/2019\/10\/Haus-hinten2.jpg\" alt=\"\" class=\"wp-image-63\" srcset=\"https:\/\/www.bauernhaus-urlaub.de\/wp-content\/uploads\/2019\/10\/Haus-hinten2.jpg 448w, https:\/\/www.bauernhaus-urlaub.de\/wp-content\/uploads\/2019\/10\/Haus-hinten2-300x225.jpg 300w\" sizes=\"auto, (max-width: 448px) 100vw, 448px\" \/><\/figure>\n<\/figure>\n\n\n\n<p>Das Geb\u00e4ude war von au\u00dfen stark eingewachsen. Efeu und wilder Wein \nwidersetzten sich Rodungsversuchen, die Haftf\u00fc\u00dfchen blieben (wie ihr \nName schon sagt) einfach haften. Kein sch\u00f6nes Bild an der Fassade. Also \nwurden die F\u00fc\u00dfchen in m\u00fchevoller Arbeit abgetragen- mit einem \nSatinierger\u00e4t (die Idee und die Maschine hatte unser Chef- vielen Dank \ndaf\u00fcr!). Unter dem Efeu kamen am Giebel auch noch 2 alte Fenster zum \nVorschein, welche vorher beim besten Willen nicht zu erkennen waren. \nDiese waren leider sehr morsch und das Glas kaputt. Wir haben sie nach \naltem Vorbild wieder einsetzen lassen. Danach durfte der Maler das Werk \nvollenden.\n<\/p>\n\n\n\n<figure class=\"wp-block-gallery has-nested-images columns-default is-cropped wp-block-gallery-2 is-layout-flex wp-block-gallery-is-layout-flex\">\n<figure class=\"wp-block-image\"><img loading=\"lazy\" decoding=\"async\" width=\"448\" height=\"336\" data-id=\"64\" src=\"https:\/\/www.bauernhaus-urlaub.de\/wp-content\/uploads\/2019\/10\/Maler.jpg\" alt=\"\" class=\"wp-image-64\" srcset=\"https:\/\/www.bauernhaus-urlaub.de\/wp-content\/uploads\/2019\/10\/Maler.jpg 448w, https:\/\/www.bauernhaus-urlaub.de\/wp-content\/uploads\/2019\/10\/Maler-300x225.jpg 300w\" sizes=\"auto, (max-width: 448px) 100vw, 448px\" \/><\/figure>\n\n\n\n<figure class=\"wp-block-image\"><img loading=\"lazy\" decoding=\"async\" width=\"448\" height=\"336\" data-id=\"74\" src=\"https:\/\/www.bauernhaus-urlaub.de\/wp-content\/uploads\/2019\/10\/Efeu1.1.jpg\" alt=\"\" class=\"wp-image-74\" srcset=\"https:\/\/www.bauernhaus-urlaub.de\/wp-content\/uploads\/2019\/10\/Efeu1.1.jpg 448w, https:\/\/www.bauernhaus-urlaub.de\/wp-content\/uploads\/2019\/10\/Efeu1.1-300x225.jpg 300w\" sizes=\"auto, (max-width: 448px) 100vw, 448px\" \/><\/figure>\n\n\n\n<figure class=\"wp-block-image\"><img loading=\"lazy\" decoding=\"async\" width=\"448\" height=\"336\" data-id=\"75\" src=\"https:\/\/www.bauernhaus-urlaub.de\/wp-content\/uploads\/2019\/10\/Efeu1.jpg\" alt=\"\" class=\"wp-image-75\" srcset=\"https:\/\/www.bauernhaus-urlaub.de\/wp-content\/uploads\/2019\/10\/Efeu1.jpg 448w, https:\/\/www.bauernhaus-urlaub.de\/wp-content\/uploads\/2019\/10\/Efeu1-300x225.jpg 300w\" sizes=\"auto, (max-width: 448px) 100vw, 448px\" \/><\/figure>\n\n\n\n<figure class=\"wp-block-image\"><img loading=\"lazy\" decoding=\"async\" width=\"448\" height=\"336\" data-id=\"77\" src=\"https:\/\/www.bauernhaus-urlaub.de\/wp-content\/uploads\/2019\/10\/Efeu2.jpg\" alt=\"\" class=\"wp-image-77\" srcset=\"https:\/\/www.bauernhaus-urlaub.de\/wp-content\/uploads\/2019\/10\/Efeu2.jpg 448w, https:\/\/www.bauernhaus-urlaub.de\/wp-content\/uploads\/2019\/10\/Efeu2-300x225.jpg 300w\" sizes=\"auto, (max-width: 448px) 100vw, 448px\" \/><\/figure>\n\n\n\n<figure class=\"wp-block-image\"><img loading=\"lazy\" decoding=\"async\" width=\"448\" height=\"336\" data-id=\"79\" src=\"https:\/\/www.bauernhaus-urlaub.de\/wp-content\/uploads\/2019\/10\/Eingang.jpg\" alt=\"\" class=\"wp-image-79\" srcset=\"https:\/\/www.bauernhaus-urlaub.de\/wp-content\/uploads\/2019\/10\/Eingang.jpg 448w, https:\/\/www.bauernhaus-urlaub.de\/wp-content\/uploads\/2019\/10\/Eingang-300x225.jpg 300w\" sizes=\"auto, (max-width: 448px) 100vw, 448px\" \/><\/figure>\n\n\n\n<figure class=\"wp-block-image\"><img loading=\"lazy\" decoding=\"async\" width=\"336\" height=\"448\" data-id=\"69\" src=\"https:\/\/www.bauernhaus-urlaub.de\/wp-content\/uploads\/2019\/10\/Auffahrt.jpg\" alt=\"\" class=\"wp-image-69\" srcset=\"https:\/\/www.bauernhaus-urlaub.de\/wp-content\/uploads\/2019\/10\/Auffahrt.jpg 336w, https:\/\/www.bauernhaus-urlaub.de\/wp-content\/uploads\/2019\/10\/Auffahrt-225x300.jpg 225w\" sizes=\"auto, (max-width: 336px) 100vw, 336px\" \/><\/figure>\n\n\n\n<figure class=\"wp-block-image\"><img loading=\"lazy\" decoding=\"async\" width=\"448\" height=\"336\" data-id=\"81\" src=\"https:\/\/www.bauernhaus-urlaub.de\/wp-content\/uploads\/2019\/10\/Hagebutte.jpg\" alt=\"\" class=\"wp-image-81\" srcset=\"https:\/\/www.bauernhaus-urlaub.de\/wp-content\/uploads\/2019\/10\/Hagebutte.jpg 448w, https:\/\/www.bauernhaus-urlaub.de\/wp-content\/uploads\/2019\/10\/Hagebutte-300x225.jpg 300w\" sizes=\"auto, (max-width: 448px) 100vw, 448px\" \/><\/figure>\n<\/figure>\n\n\n\n<p>Eine weitere gro\u00dfe Anstrengung verhie\u00df der stark \nverwachsene Garten. Irgendwann einmal sehr sch\u00f6n angelegt erdr\u00fcckten \nsich die Pflanzen mittlerweile gegenseitig. Zwischen den eigentlichen \n\u201eHauptpflanzen\u201c waren eine Menge Unkr\u00e4uter eingewachsen,  \n au\u00dferdem hatten sich wuchernde Stauden mit ihren Wurzeln unglaublich \nausgebreitet und andere Pflanzen an ihren Wurzeln durchwirkt so dass \ndiese Pflanzen nicht mehr zu trennen waren. Es gab wundersch\u00f6ne \nBuchshecken, leider waren auch diese so von Unkr\u00e4utern und Wucherstauden\n infiltriert, dass ich sie nicht wieder verwenden mochte. Hatte ich \nzun\u00e4chst noch die Hoffnung, mit Schippe und Spaten alles ins Lot bringen\n zu k\u00f6nnen, so wurde sie im Sommer 2010 j\u00e4h zunichte gemacht.  \n  Alles was ich im Sp\u00e4tsommer davor noch ordentlich versucht hatte \nzur\u00fcckzuschneiden oder teilweise auch auszugraben wuchs pl\u00f6tzlich mit \ndoppelter Kraft. Mir wurde klar, was Wurzelausl\u00e4ufer sind (aus einem \ngef\u00e4llten Flieder wurden pl\u00f6tzlich gef\u00fchlte 1000 neue\u2026), die von mir so \nbewunderte Hagebuttenhecke schob \u00fcberall Ausl\u00e4ufer heraus (Kartoffelrose\n jetzt nur noch am Grundst\u00fccksrand), die Natur war also kaum \naufzuhalten.  \n  So blieb uns also nichts anderes: die \u201eguten\u201c Rosen wurden ausgegraben\n und in einem eigens daf\u00fcr eingerichteten (und mit der Hand \numgegrabenen) Einschlagfeld wieder eingeschlagen. Ebenso manch andere \nPflanze wurde kurzfristig umgesiedelt. Nachdem wir dann per Hand die \nBetonpflastersteine entfernt hatten kam der Radlader- und es wurde kahl!\n Danach hat der G\u00e4rtner das Pflastern \u00fcbernommen und ich habe die Beete \nneu angelegt. Angelehnt an das, was mal war, denn das war nicht \nschlecht, nur zu voll!\n<\/p>\n\n\n\n<figure class=\"wp-block-gallery has-nested-images columns-default is-cropped wp-block-gallery-3 is-layout-flex wp-block-gallery-is-layout-flex\">\n<figure class=\"wp-block-image\"><img loading=\"lazy\" decoding=\"async\" width=\"448\" height=\"336\" data-id=\"65\" src=\"https:\/\/www.bauernhaus-urlaub.de\/wp-content\/uploads\/2019\/10\/Radlader.jpg\" alt=\"\" class=\"wp-image-65\" srcset=\"https:\/\/www.bauernhaus-urlaub.de\/wp-content\/uploads\/2019\/10\/Radlader.jpg 448w, https:\/\/www.bauernhaus-urlaub.de\/wp-content\/uploads\/2019\/10\/Radlader-300x225.jpg 300w\" sizes=\"auto, (max-width: 448px) 100vw, 448px\" \/><\/figure>\n\n\n\n<figure class=\"wp-block-image\"><img loading=\"lazy\" decoding=\"async\" width=\"448\" height=\"336\" data-id=\"60\" src=\"https:\/\/www.bauernhaus-urlaub.de\/wp-content\/uploads\/2019\/10\/Haus-hinten-neu.jpg\" alt=\"\" class=\"wp-image-60\" srcset=\"https:\/\/www.bauernhaus-urlaub.de\/wp-content\/uploads\/2019\/10\/Haus-hinten-neu.jpg 448w, https:\/\/www.bauernhaus-urlaub.de\/wp-content\/uploads\/2019\/10\/Haus-hinten-neu-300x225.jpg 300w\" sizes=\"auto, (max-width: 448px) 100vw, 448px\" \/><\/figure>\n<\/figure>\n\n\n\n<p>Die Einliegerwohnung war teilweise fertig als wir einzogen. \nUrspr\u00fcnglich diente dieser Geb\u00e4udeteil mal als Schweinestall- davon ist \naber nichts mehr zu bemerken! Die Vorbesitzerin hat die Zimmer \nlinkerseits der Eingangst\u00fcr schon benutzt. Wir haben dann noch das \nrechte Zimmer wohnfertig gestaltet und uns \u00fcberlegt, das Ganze als \nFerienwohnung anzubieten, da  der Geb\u00e4udeteil einfach viel zu sch\u00f6n ist,\n um ihn leer stehen zu lassen. <br>Es ist noch lange nicht alles so, wie\n wir es gerne h\u00e4tten. Die Arbeiten im Garten sind einfach zu \numfangreich, um alles in k\u00fcrzester Zeit fertig zu gestalten. Wir \narbeiten uns in immer gr\u00f6\u00dferen Kreisen vor, zun\u00e4chst wurde alles dicht \nam Haus geordnet, jetzt geht es langsam weiter nach au\u00dfen. \n<\/p>\n\n\n\n<h2 class=\"wp-block-heading\">UPDATE 2024<\/h2>\n\n\n\n<p>Nach vielen Jahren mit dem sch\u00f6nen Reetdach lie\u00df sich eine Dachsanierung nicht weiter umgehen. Leider war auch der Dachstuhl nicht mehr zu erhalten und musste komplett mit erneuert werden.<\/p>\n\n\n\n<figure class=\"wp-block-gallery has-nested-images columns-default is-cropped wp-block-gallery-4 is-layout-flex wp-block-gallery-is-layout-flex\">\n<figure class=\"wp-block-image size-large\"><img loading=\"lazy\" decoding=\"async\" width=\"1024\" height=\"768\" data-id=\"119\" src=\"https:\/\/www.bauernhaus-urlaub.de\/wp-content\/uploads\/2024\/07\/Kein-Dach-rotated-e1720628091453-1024x768.jpg\" alt=\"\" class=\"wp-image-119\" srcset=\"https:\/\/www.bauernhaus-urlaub.de\/wp-content\/uploads\/2024\/07\/Kein-Dach-rotated-e1720628091453-1024x768.jpg 1024w, https:\/\/www.bauernhaus-urlaub.de\/wp-content\/uploads\/2024\/07\/Kein-Dach-rotated-e1720628091453-300x225.jpg 300w, https:\/\/www.bauernhaus-urlaub.de\/wp-content\/uploads\/2024\/07\/Kein-Dach-rotated-e1720628091453-768x576.jpg 768w, https:\/\/www.bauernhaus-urlaub.de\/wp-content\/uploads\/2024\/07\/Kein-Dach-rotated-e1720628091453-1536x1152.jpg 1536w, https:\/\/www.bauernhaus-urlaub.de\/wp-content\/uploads\/2024\/07\/Kein-Dach-rotated-e1720628091453-400x300.jpg 400w, https:\/\/www.bauernhaus-urlaub.de\/wp-content\/uploads\/2024\/07\/Kein-Dach-rotated-e1720628091453.jpg 2016w\" sizes=\"auto, (max-width: 1024px) 100vw, 1024px\" \/><\/figure>\n\n\n\n<figure class=\"wp-block-image size-large\"><img loading=\"lazy\" decoding=\"async\" width=\"768\" height=\"1024\" data-id=\"115\" src=\"https:\/\/www.bauernhaus-urlaub.de\/wp-content\/uploads\/2024\/07\/Dachstuhl-vorn-768x1024.jpeg\" alt=\"\" class=\"wp-image-115\" srcset=\"https:\/\/www.bauernhaus-urlaub.de\/wp-content\/uploads\/2024\/07\/Dachstuhl-vorn-768x1024.jpeg 768w, https:\/\/www.bauernhaus-urlaub.de\/wp-content\/uploads\/2024\/07\/Dachstuhl-vorn-225x300.jpeg 225w, https:\/\/www.bauernhaus-urlaub.de\/wp-content\/uploads\/2024\/07\/Dachstuhl-vorn-1152x1536.jpeg 1152w, https:\/\/www.bauernhaus-urlaub.de\/wp-content\/uploads\/2024\/07\/Dachstuhl-vorn-rotated.jpeg 1512w\" sizes=\"auto, (max-width: 768px) 100vw, 768px\" \/><\/figure>\n\n\n\n<figure class=\"wp-block-image size-large\"><img loading=\"lazy\" decoding=\"async\" width=\"768\" height=\"1024\" data-id=\"114\" src=\"https:\/\/www.bauernhaus-urlaub.de\/wp-content\/uploads\/2024\/07\/Dachstuhl-hinten-768x1024.jpg\" alt=\"\" class=\"wp-image-114\" srcset=\"https:\/\/www.bauernhaus-urlaub.de\/wp-content\/uploads\/2024\/07\/Dachstuhl-hinten-768x1024.jpg 768w, https:\/\/www.bauernhaus-urlaub.de\/wp-content\/uploads\/2024\/07\/Dachstuhl-hinten-225x300.jpg 225w, https:\/\/www.bauernhaus-urlaub.de\/wp-content\/uploads\/2024\/07\/Dachstuhl-hinten-1152x1536.jpg 1152w, https:\/\/www.bauernhaus-urlaub.de\/wp-content\/uploads\/2024\/07\/Dachstuhl-hinten-rotated.jpg 1512w\" sizes=\"auto, (max-width: 768px) 100vw, 768px\" \/><\/figure>\n<\/figure>\n\n\n\n<p>Nach 1,5 Jahren Bauzeit ist das alte Bauernhaus wieder so sch\u00f6n wie vorher. Als Dachpfannen haben wir uns f\u00fcr Tondachpfannen entschieden, welche auch in der Denkmalsanierung eingesetzt werden.<\/p>\n\n\n\n<figure class=\"wp-block-image size-large\"><img loading=\"lazy\" decoding=\"async\" width=\"1024\" height=\"380\" src=\"https:\/\/www.bauernhaus-urlaub.de\/wp-content\/uploads\/2024\/07\/Vergleich-1024x380.jpg\" alt=\"\" class=\"wp-image-113\" srcset=\"https:\/\/www.bauernhaus-urlaub.de\/wp-content\/uploads\/2024\/07\/Vergleich-1024x380.jpg 1024w, https:\/\/www.bauernhaus-urlaub.de\/wp-content\/uploads\/2024\/07\/Vergleich-300x111.jpg 300w, https:\/\/www.bauernhaus-urlaub.de\/wp-content\/uploads\/2024\/07\/Vergleich-768x285.jpg 768w, https:\/\/www.bauernhaus-urlaub.de\/wp-content\/uploads\/2024\/07\/Vergleich-500x186.jpg 500w, https:\/\/www.bauernhaus-urlaub.de\/wp-content\/uploads\/2024\/07\/Vergleich.jpg 1401w\" sizes=\"auto, (max-width: 1024px) 100vw, 1024px\" \/><\/figure>\n","protected":false},"excerpt":{"rendered":"<p>Wir (Katharina und Karl) haben dieses Haus 2009 gekauft, zusammen mit einem Grundst\u00fcck von ca. 1ha. Berichten zufolge wurde es um 1850 zusammen mit zwei weiteren H\u00e4usern dieser Art in dem Gro\u00dfenkneter Ortsteil Regente erbaut. Es gibt eine Reihe von &hellip; <a href=\"https:\/\/www.bauernhaus-urlaub.de\/index.php\/altes-bauernhaus\/\">Weiterlesen <span class=\"meta-nav\">&rarr;<\/span><\/a><\/p>\n","protected":false},"author":3,"featured_media":0,"parent":0,"menu_order":0,"comment_status":"closed","ping_status":"closed","template":"","meta":{"footnotes":""},"class_list":["post-17","page","type-page","status-publish","hentry"],"_links":{"self":[{"href":"https:\/\/www.bauernhaus-urlaub.de\/index.php\/wp-json\/wp\/v2\/pages\/17","targetHints":{"allow":["GET"]}}],"collection":[{"href":"https:\/\/www.bauernhaus-urlaub.de\/index.php\/wp-json\/wp\/v2\/pages"}],"about":[{"href":"https:\/\/www.bauernhaus-urlaub.de\/index.php\/wp-json\/wp\/v2\/types\/page"}],"author":[{"embeddable":true,"href":"https:\/\/www.bauernhaus-urlaub.de\/index.php\/wp-json\/wp\/v2\/users\/3"}],"replies":[{"embeddable":true,"href":"https:\/\/www.bauernhaus-urlaub.de\/index.php\/wp-json\/wp\/v2\/comments?post=17"}],"version-history":[{"count":4,"href":"https:\/\/www.bauernhaus-urlaub.de\/index.php\/wp-json\/wp\/v2\/pages\/17\/revisions"}],"predecessor-version":[{"id":126,"href":"https:\/\/www.bauernhaus-urlaub.de\/index.php\/wp-json\/wp\/v2\/pages\/17\/revisions\/126"}],"wp:attachment":[{"href":"https:\/\/www.bauernhaus-urlaub.de\/index.php\/wp-json\/wp\/v2\/media?parent=17"}],"curies":[{"name":"wp","href":"https:\/\/api.w.org\/{rel}","templated":true}]}}