{"id":12,"date":"2019-10-19T20:37:20","date_gmt":"2019-10-19T18:37:20","guid":{"rendered":"http:\/\/wordpress.bauernhaus-urlaub.de\/?page_id=12"},"modified":"2024-07-09T07:21:03","modified_gmt":"2024-07-09T05:21:03","slug":"fewo-am-alten-bauernhaus","status":"publish","type":"page","link":"https:\/\/www.bauernhaus-urlaub.de\/","title":{"rendered":"Herzlich willkommen!"},"content":{"rendered":"\n<figure class=\"wp-block-image size-large\"><img loading=\"lazy\" decoding=\"async\" width=\"1024\" height=\"683\" src=\"https:\/\/www.bauernhaus-urlaub.de\/wp-content\/uploads\/2024\/07\/IMG_1273-1024x683.jpg\" alt=\"\" class=\"wp-image-116\" srcset=\"https:\/\/www.bauernhaus-urlaub.de\/wp-content\/uploads\/2024\/07\/IMG_1273-1024x683.jpg 1024w, https:\/\/www.bauernhaus-urlaub.de\/wp-content\/uploads\/2024\/07\/IMG_1273-300x200.jpg 300w, https:\/\/www.bauernhaus-urlaub.de\/wp-content\/uploads\/2024\/07\/IMG_1273-768x512.jpg 768w, https:\/\/www.bauernhaus-urlaub.de\/wp-content\/uploads\/2024\/07\/IMG_1273-1536x1024.jpg 1536w, https:\/\/www.bauernhaus-urlaub.de\/wp-content\/uploads\/2024\/07\/IMG_1273-2048x1365.jpg 2048w, https:\/\/www.bauernhaus-urlaub.de\/wp-content\/uploads\/2024\/07\/IMG_1273-450x300.jpg 450w\" sizes=\"auto, (max-width: 1024px) 100vw, 1024px\" \/><\/figure>\n\n\n\n<p>Idyllisch inmitten des\n Naturparks Wildeshauser Geest zwischen Oldenburg und Osnabr\u00fcck liegt \ndie Ferienwohnung am alten Bauernhaus in der Ortschaft Regente. \nAusgestattet mit nostalgischem Mobiliar l\u00e4dt die ca. 60qm umfassende \nWohnung zum Tr\u00e4umen ein.<br><br>\n<\/p>\n\n\n\n<h2 class=\"wp-block-heading\">Wohnk\u00fcche<\/h2>\n\n\n\n<p>Die Wohnk\u00fcche ist ausgestattet mit Elektrobackofen und E-Herd mit  Ceranfeld. K\u00fchl- und Gefrierkombi sowie Geschirrsp\u00fcler sind ebenfalls  vorhanden. Zus\u00e4tzlich gibt es eine \u201eKochmaschine\u201c,  die an k\u00e4lteren  Tagen angefeuert werden kann, um gem\u00fctlich am knisternden Feuer zu  sitzen. Ansonsten ist von Kaffeemaschine \u00fcber Wasserkocher  bis zur  Mikrowelle alles vorhanden, was in einer K\u00fcche so gebraucht wird.<\/p>\n\n\n\n<figure class=\"wp-block-gallery has-nested-images columns-2 is-cropped wp-block-gallery-1 is-layout-flex wp-block-gallery-is-layout-flex\">\n<figure class=\"wp-block-image size-large\"><img loading=\"lazy\" decoding=\"async\" width=\"1024\" height=\"683\" data-id=\"44\" src=\"https:\/\/www.bauernhaus-urlaub.de\/wp-content\/uploads\/2019\/10\/Kueche2.jpg\" alt=\"\" class=\"wp-image-44\" srcset=\"https:\/\/www.bauernhaus-urlaub.de\/wp-content\/uploads\/2019\/10\/Kueche2.jpg 1024w, https:\/\/www.bauernhaus-urlaub.de\/wp-content\/uploads\/2019\/10\/Kueche2-300x200.jpg 300w, https:\/\/www.bauernhaus-urlaub.de\/wp-content\/uploads\/2019\/10\/Kueche2-768x512.jpg 768w\" sizes=\"auto, (max-width: 1024px) 100vw, 1024px\" \/><\/figure>\n\n\n\n<figure class=\"wp-block-image size-large\"><img loading=\"lazy\" decoding=\"async\" width=\"1024\" height=\"768\" data-id=\"43\" src=\"https:\/\/www.bauernhaus-urlaub.de\/wp-content\/uploads\/2019\/10\/Kueche1.jpg\" alt=\"\" class=\"wp-image-43\" srcset=\"https:\/\/www.bauernhaus-urlaub.de\/wp-content\/uploads\/2019\/10\/Kueche1.jpg 1024w, https:\/\/www.bauernhaus-urlaub.de\/wp-content\/uploads\/2019\/10\/Kueche1-300x225.jpg 300w, https:\/\/www.bauernhaus-urlaub.de\/wp-content\/uploads\/2019\/10\/Kueche1-768x576.jpg 768w\" sizes=\"auto, (max-width: 1024px) 100vw, 1024px\" \/><\/figure>\n\n\n\n<figure class=\"wp-block-image size-large\"><img loading=\"lazy\" decoding=\"async\" width=\"1024\" height=\"683\" data-id=\"41\" src=\"https:\/\/www.bauernhaus-urlaub.de\/wp-content\/uploads\/2019\/10\/Kueche3.jpg\" alt=\"\" class=\"wp-image-41\" srcset=\"https:\/\/www.bauernhaus-urlaub.de\/wp-content\/uploads\/2019\/10\/Kueche3.jpg 1024w, https:\/\/www.bauernhaus-urlaub.de\/wp-content\/uploads\/2019\/10\/Kueche3-300x200.jpg 300w, https:\/\/www.bauernhaus-urlaub.de\/wp-content\/uploads\/2019\/10\/Kueche3-768x512.jpg 768w\" sizes=\"auto, (max-width: 1024px) 100vw, 1024px\" \/><\/figure>\n\n\n\n<figure class=\"wp-block-image size-large\"><img loading=\"lazy\" decoding=\"async\" width=\"1024\" height=\"768\" data-id=\"42\" src=\"https:\/\/www.bauernhaus-urlaub.de\/wp-content\/uploads\/2019\/10\/Kueche0.jpg\" alt=\"\" class=\"wp-image-42\" srcset=\"https:\/\/www.bauernhaus-urlaub.de\/wp-content\/uploads\/2019\/10\/Kueche0.jpg 1024w, https:\/\/www.bauernhaus-urlaub.de\/wp-content\/uploads\/2019\/10\/Kueche0-300x225.jpg 300w, https:\/\/www.bauernhaus-urlaub.de\/wp-content\/uploads\/2019\/10\/Kueche0-768x576.jpg 768w\" sizes=\"auto, (max-width: 1024px) 100vw, 1024px\" \/><\/figure>\n<\/figure>\n\n\n\n<h2 class=\"wp-block-heading\">Schlafzimmer<\/h2>\n\n\n\n<p>Insgesamt verf\u00fcgt die Ferienwohnung \u00fcber 3 Schlafm\u00f6glichkeiten. Im  antik eingerichteten Schlafzimmer befindet sich das gro\u00dfe Doppelbett  (2x2m) mit passenden Nachtschr\u00e4nkchen. Ein weiteres Bett (1&#215;1,90m)  befindet sich in dem Zimmer direkt neben der K\u00fcche. Dieses Zimmer  verf\u00fcgt auch \u00fcber einen Fernseher mit DVD-Player und eine Stereoanlage. <br>S\u00e4mtliche Betten sind mit antiker wei\u00dfer Baumwoll- oder Leinenbettw\u00e4sche ausgestattet.<\/p>\n\n\n\n<figure class=\"wp-block-gallery has-nested-images columns-default is-cropped wp-block-gallery-2 is-layout-flex wp-block-gallery-is-layout-flex\">\n<figure class=\"wp-block-image size-large\"><img loading=\"lazy\" decoding=\"async\" width=\"683\" height=\"1024\" data-id=\"59\" src=\"https:\/\/www.bauernhaus-urlaub.de\/wp-content\/uploads\/2019\/10\/SchlaZi8.jpg\" alt=\"\" class=\"wp-image-59\" srcset=\"https:\/\/www.bauernhaus-urlaub.de\/wp-content\/uploads\/2019\/10\/SchlaZi8.jpg 683w, https:\/\/www.bauernhaus-urlaub.de\/wp-content\/uploads\/2019\/10\/SchlaZi8-200x300.jpg 200w\" sizes=\"auto, (max-width: 683px) 100vw, 683px\" \/><\/figure>\n\n\n\n<figure class=\"wp-block-image size-large\"><img loading=\"lazy\" decoding=\"async\" width=\"1024\" height=\"740\" data-id=\"58\" src=\"https:\/\/www.bauernhaus-urlaub.de\/wp-content\/uploads\/2019\/10\/SchlaZi7.jpg\" alt=\"\" class=\"wp-image-58\" srcset=\"https:\/\/www.bauernhaus-urlaub.de\/wp-content\/uploads\/2019\/10\/SchlaZi7.jpg 1024w, https:\/\/www.bauernhaus-urlaub.de\/wp-content\/uploads\/2019\/10\/SchlaZi7-300x217.jpg 300w, https:\/\/www.bauernhaus-urlaub.de\/wp-content\/uploads\/2019\/10\/SchlaZi7-768x555.jpg 768w\" sizes=\"auto, (max-width: 1024px) 100vw, 1024px\" \/><\/figure>\n\n\n\n<figure class=\"wp-block-image size-large\"><img loading=\"lazy\" decoding=\"async\" width=\"1024\" height=\"683\" data-id=\"57\" src=\"https:\/\/www.bauernhaus-urlaub.de\/wp-content\/uploads\/2019\/10\/SchlaZi6.jpg\" alt=\"\" class=\"wp-image-57\" srcset=\"https:\/\/www.bauernhaus-urlaub.de\/wp-content\/uploads\/2019\/10\/SchlaZi6.jpg 1024w, https:\/\/www.bauernhaus-urlaub.de\/wp-content\/uploads\/2019\/10\/SchlaZi6-300x200.jpg 300w, https:\/\/www.bauernhaus-urlaub.de\/wp-content\/uploads\/2019\/10\/SchlaZi6-768x512.jpg 768w\" sizes=\"auto, (max-width: 1024px) 100vw, 1024px\" \/><\/figure>\n\n\n\n<figure class=\"wp-block-image size-large\"><img loading=\"lazy\" decoding=\"async\" width=\"1024\" height=\"683\" data-id=\"56\" src=\"https:\/\/www.bauernhaus-urlaub.de\/wp-content\/uploads\/2019\/10\/SchlaZi5.jpg\" alt=\"\" class=\"wp-image-56\" srcset=\"https:\/\/www.bauernhaus-urlaub.de\/wp-content\/uploads\/2019\/10\/SchlaZi5.jpg 1024w, https:\/\/www.bauernhaus-urlaub.de\/wp-content\/uploads\/2019\/10\/SchlaZi5-300x200.jpg 300w, https:\/\/www.bauernhaus-urlaub.de\/wp-content\/uploads\/2019\/10\/SchlaZi5-768x512.jpg 768w\" sizes=\"auto, (max-width: 1024px) 100vw, 1024px\" \/><\/figure>\n\n\n\n<figure class=\"wp-block-image size-large\"><img loading=\"lazy\" decoding=\"async\" width=\"768\" height=\"1024\" data-id=\"55\" src=\"https:\/\/www.bauernhaus-urlaub.de\/wp-content\/uploads\/2019\/10\/SchlaZi4.jpg\" alt=\"\" class=\"wp-image-55\" srcset=\"https:\/\/www.bauernhaus-urlaub.de\/wp-content\/uploads\/2019\/10\/SchlaZi4.jpg 768w, https:\/\/www.bauernhaus-urlaub.de\/wp-content\/uploads\/2019\/10\/SchlaZi4-225x300.jpg 225w\" sizes=\"auto, (max-width: 768px) 100vw, 768px\" \/><\/figure>\n\n\n\n<figure class=\"wp-block-image size-large\"><img loading=\"lazy\" decoding=\"async\" width=\"1007\" height=\"768\" data-id=\"54\" src=\"https:\/\/www.bauernhaus-urlaub.de\/wp-content\/uploads\/2019\/10\/SchlaZi3.jpg\" alt=\"\" class=\"wp-image-54\" srcset=\"https:\/\/www.bauernhaus-urlaub.de\/wp-content\/uploads\/2019\/10\/SchlaZi3.jpg 1007w, https:\/\/www.bauernhaus-urlaub.de\/wp-content\/uploads\/2019\/10\/SchlaZi3-300x229.jpg 300w, https:\/\/www.bauernhaus-urlaub.de\/wp-content\/uploads\/2019\/10\/SchlaZi3-768x586.jpg 768w\" sizes=\"auto, (max-width: 1007px) 100vw, 1007px\" \/><\/figure>\n\n\n\n<figure class=\"wp-block-image size-large\"><img loading=\"lazy\" decoding=\"async\" width=\"768\" height=\"1024\" data-id=\"53\" src=\"https:\/\/www.bauernhaus-urlaub.de\/wp-content\/uploads\/2019\/10\/SchlaZi2.jpg\" alt=\"\" class=\"wp-image-53\" srcset=\"https:\/\/www.bauernhaus-urlaub.de\/wp-content\/uploads\/2019\/10\/SchlaZi2.jpg 768w, https:\/\/www.bauernhaus-urlaub.de\/wp-content\/uploads\/2019\/10\/SchlaZi2-225x300.jpg 225w\" sizes=\"auto, (max-width: 768px) 100vw, 768px\" \/><\/figure>\n\n\n\n<figure class=\"wp-block-image size-large\"><img loading=\"lazy\" decoding=\"async\" width=\"768\" height=\"1024\" data-id=\"52\" src=\"https:\/\/www.bauernhaus-urlaub.de\/wp-content\/uploads\/2019\/10\/SchlaZi1.jpg\" alt=\"\" class=\"wp-image-52\" srcset=\"https:\/\/www.bauernhaus-urlaub.de\/wp-content\/uploads\/2019\/10\/SchlaZi1.jpg 768w, https:\/\/www.bauernhaus-urlaub.de\/wp-content\/uploads\/2019\/10\/SchlaZi1-225x300.jpg 225w\" sizes=\"auto, (max-width: 768px) 100vw, 768px\" \/><\/figure>\n\n\n\n<figure class=\"wp-block-image size-large\"><img loading=\"lazy\" decoding=\"async\" width=\"1024\" height=\"683\" data-id=\"51\" src=\"https:\/\/www.bauernhaus-urlaub.de\/wp-content\/uploads\/2019\/10\/SchlaZi9.jpg\" alt=\"\" class=\"wp-image-51\" srcset=\"https:\/\/www.bauernhaus-urlaub.de\/wp-content\/uploads\/2019\/10\/SchlaZi9.jpg 1024w, https:\/\/www.bauernhaus-urlaub.de\/wp-content\/uploads\/2019\/10\/SchlaZi9-300x200.jpg 300w, https:\/\/www.bauernhaus-urlaub.de\/wp-content\/uploads\/2019\/10\/SchlaZi9-768x512.jpg 768w\" sizes=\"auto, (max-width: 1024px) 100vw, 1024px\" \/><\/figure>\n<\/figure>\n\n\n\n<h2 class=\"wp-block-heading\">Badezimmer<\/h2>\n\n\n\n<p>Das Bad ist mit einer Dusche ausgestattet und wird (wie auch K\u00fcche  und Fernsehzimmer) mit Fu\u00dfbodenheizung beheizt.<br> <\/p>\n\n\n\n<figure class=\"wp-block-gallery has-nested-images columns-default is-cropped wp-block-gallery-3 is-layout-flex wp-block-gallery-is-layout-flex\">\n<figure class=\"wp-block-image size-large\"><img loading=\"lazy\" decoding=\"async\" width=\"683\" height=\"1024\" data-id=\"40\" src=\"https:\/\/www.bauernhaus-urlaub.de\/wp-content\/uploads\/2019\/10\/BaZi5.jpg\" alt=\"\" class=\"wp-image-40\" srcset=\"https:\/\/www.bauernhaus-urlaub.de\/wp-content\/uploads\/2019\/10\/BaZi5.jpg 683w, https:\/\/www.bauernhaus-urlaub.de\/wp-content\/uploads\/2019\/10\/BaZi5-200x300.jpg 200w\" sizes=\"auto, (max-width: 683px) 100vw, 683px\" \/><\/figure>\n\n\n\n<figure class=\"wp-block-image size-large\"><img loading=\"lazy\" decoding=\"async\" width=\"683\" height=\"1024\" data-id=\"39\" src=\"https:\/\/www.bauernhaus-urlaub.de\/wp-content\/uploads\/2019\/10\/BaZi4.jpg\" alt=\"\" class=\"wp-image-39\" srcset=\"https:\/\/www.bauernhaus-urlaub.de\/wp-content\/uploads\/2019\/10\/BaZi4.jpg 683w, https:\/\/www.bauernhaus-urlaub.de\/wp-content\/uploads\/2019\/10\/BaZi4-200x300.jpg 200w\" sizes=\"auto, (max-width: 683px) 100vw, 683px\" \/><\/figure>\n\n\n\n<figure class=\"wp-block-image size-large\"><img loading=\"lazy\" decoding=\"async\" width=\"683\" height=\"1024\" data-id=\"38\" src=\"https:\/\/www.bauernhaus-urlaub.de\/wp-content\/uploads\/2019\/10\/BaZi3.jpg\" alt=\"\" class=\"wp-image-38\" srcset=\"https:\/\/www.bauernhaus-urlaub.de\/wp-content\/uploads\/2019\/10\/BaZi3.jpg 683w, https:\/\/www.bauernhaus-urlaub.de\/wp-content\/uploads\/2019\/10\/BaZi3-200x300.jpg 200w\" sizes=\"auto, (max-width: 683px) 100vw, 683px\" \/><\/figure>\n\n\n\n<figure class=\"wp-block-image size-large\"><img loading=\"lazy\" decoding=\"async\" width=\"683\" height=\"1024\" data-id=\"37\" src=\"https:\/\/www.bauernhaus-urlaub.de\/wp-content\/uploads\/2019\/10\/BaZi2.jpg\" alt=\"\" class=\"wp-image-37\" srcset=\"https:\/\/www.bauernhaus-urlaub.de\/wp-content\/uploads\/2019\/10\/BaZi2.jpg 683w, https:\/\/www.bauernhaus-urlaub.de\/wp-content\/uploads\/2019\/10\/BaZi2-200x300.jpg 200w\" sizes=\"auto, (max-width: 683px) 100vw, 683px\" \/><\/figure>\n\n\n\n<figure class=\"wp-block-image size-large\"><img loading=\"lazy\" decoding=\"async\" width=\"683\" height=\"1024\" data-id=\"36\" src=\"https:\/\/www.bauernhaus-urlaub.de\/wp-content\/uploads\/2019\/10\/BaZi1.jpg\" alt=\"\" class=\"wp-image-36\" srcset=\"https:\/\/www.bauernhaus-urlaub.de\/wp-content\/uploads\/2019\/10\/BaZi1.jpg 683w, https:\/\/www.bauernhaus-urlaub.de\/wp-content\/uploads\/2019\/10\/BaZi1-200x300.jpg 200w\" sizes=\"auto, (max-width: 683px) 100vw, 683px\" \/><\/figure>\n<\/figure>\n\n\n\n<h2 class=\"wp-block-heading\">Terasse und Garten<\/h2>\n\n\n\n<p>Zu der Ferienwohnung geh\u00f6rt eine kleine Terasse, welche Ihnen zur  Verf\u00fcgung steht. Tisch, St\u00fchle und ein Sonnenschirm geh\u00f6ren zur  Ausstattung und laden zu einem Fr\u00fchst\u00fcck in der Morgensonne ein. Auch  f\u00fcr einen Grill ist noch ausreichend Platz vorhanden. Der schattige  Bereich auf der Wiese unter den gro\u00dfen Birken bietet sich zum Ausspannen  an, Relaxliegen werden bei Bedarf gestellt.<\/p>\n\n\n\n<figure class=\"wp-block-gallery has-nested-images columns-default is-cropped wp-block-gallery-4 is-layout-flex wp-block-gallery-is-layout-flex\">\n<figure class=\"wp-block-image size-large\"><img loading=\"lazy\" decoding=\"async\" width=\"1024\" height=\"683\" data-id=\"50\" src=\"https:\/\/www.bauernhaus-urlaub.de\/wp-content\/uploads\/2019\/10\/FeWo-Terasse.jpg\" alt=\"\" class=\"wp-image-50\" srcset=\"https:\/\/www.bauernhaus-urlaub.de\/wp-content\/uploads\/2019\/10\/FeWo-Terasse.jpg 1024w, https:\/\/www.bauernhaus-urlaub.de\/wp-content\/uploads\/2019\/10\/FeWo-Terasse-300x200.jpg 300w, https:\/\/www.bauernhaus-urlaub.de\/wp-content\/uploads\/2019\/10\/FeWo-Terasse-768x512.jpg 768w\" sizes=\"auto, (max-width: 1024px) 100vw, 1024px\" \/><\/figure>\n\n\n\n<figure class=\"wp-block-image size-large\"><img loading=\"lazy\" decoding=\"async\" width=\"768\" height=\"1024\" data-id=\"49\" src=\"https:\/\/www.bauernhaus-urlaub.de\/wp-content\/uploads\/2019\/10\/FeWo-Garten1.jpg\" alt=\"\" class=\"wp-image-49\" srcset=\"https:\/\/www.bauernhaus-urlaub.de\/wp-content\/uploads\/2019\/10\/FeWo-Garten1.jpg 768w, https:\/\/www.bauernhaus-urlaub.de\/wp-content\/uploads\/2019\/10\/FeWo-Garten1-225x300.jpg 225w\" sizes=\"auto, (max-width: 768px) 100vw, 768px\" \/><\/figure>\n\n\n\n<figure class=\"wp-block-image size-large\"><img loading=\"lazy\" decoding=\"async\" width=\"1024\" height=\"768\" data-id=\"48\" src=\"https:\/\/www.bauernhaus-urlaub.de\/wp-content\/uploads\/2019\/10\/FeWo-Garten.jpg\" alt=\"\" class=\"wp-image-48\" srcset=\"https:\/\/www.bauernhaus-urlaub.de\/wp-content\/uploads\/2019\/10\/FeWo-Garten.jpg 1024w, https:\/\/www.bauernhaus-urlaub.de\/wp-content\/uploads\/2019\/10\/FeWo-Garten-300x225.jpg 300w, https:\/\/www.bauernhaus-urlaub.de\/wp-content\/uploads\/2019\/10\/FeWo-Garten-768x576.jpg 768w\" sizes=\"auto, (max-width: 1024px) 100vw, 1024px\" \/><\/figure>\n\n\n\n<figure class=\"wp-block-image size-large\"><img loading=\"lazy\" decoding=\"async\" width=\"1024\" height=\"683\" data-id=\"47\" src=\"https:\/\/www.bauernhaus-urlaub.de\/wp-content\/uploads\/2019\/10\/FeWo-Fruehstueck2.jpg\" alt=\"\" class=\"wp-image-47\" srcset=\"https:\/\/www.bauernhaus-urlaub.de\/wp-content\/uploads\/2019\/10\/FeWo-Fruehstueck2.jpg 1024w, https:\/\/www.bauernhaus-urlaub.de\/wp-content\/uploads\/2019\/10\/FeWo-Fruehstueck2-300x200.jpg 300w, https:\/\/www.bauernhaus-urlaub.de\/wp-content\/uploads\/2019\/10\/FeWo-Fruehstueck2-768x512.jpg 768w\" sizes=\"auto, (max-width: 1024px) 100vw, 1024px\" \/><\/figure>\n\n\n\n<figure class=\"wp-block-image size-large\"><img loading=\"lazy\" decoding=\"async\" width=\"1024\" height=\"768\" data-id=\"46\" src=\"https:\/\/www.bauernhaus-urlaub.de\/wp-content\/uploads\/2019\/10\/Blumen-hinten2.jpg\" alt=\"\" class=\"wp-image-46\" srcset=\"https:\/\/www.bauernhaus-urlaub.de\/wp-content\/uploads\/2019\/10\/Blumen-hinten2.jpg 1024w, https:\/\/www.bauernhaus-urlaub.de\/wp-content\/uploads\/2019\/10\/Blumen-hinten2-300x225.jpg 300w, https:\/\/www.bauernhaus-urlaub.de\/wp-content\/uploads\/2019\/10\/Blumen-hinten2-768x576.jpg 768w\" sizes=\"auto, (max-width: 1024px) 100vw, 1024px\" \/><\/figure>\n<\/figure>\n\n\n\n<h2 class=\"wp-block-heading\">Unterhaltung<\/h2>\n\n\n\n<p>F\u00fcr Schlechtwettertage liegt eine kleine Spielesammlung (alle Spiele \u00e4lteren Datums) bereit.<\/p>\n\n\n\n<p>Die vielen M\u00f6glichkeiten, welche die n\u00e4here (und \nweitere) Umgebung bietet, k\u00f6nnen unter der Rubrik Umgebung\/ Aktivit\u00e4ten \nerkundet werden. Ein Ordner mit interessanten Vorschl\u00e4gen zur \nTagesgestaltung liegt vor Ort aus.\n<\/p>\n\n\n\n<h2 class=\"wp-block-heading\">Preise  (NK inklusive) <\/h2>\n\n\n\n<h3 class=\"wp-block-heading\">Belegung mit einer Person (das Doppelbett-Zimmer wird dann nicht genutzt, es steht das 1&#215;1,90m Bett zur Verf\u00fcgung)<\/h3>\n\n\n\n<h4 class=\"wp-block-heading\">Pro \u00dcbernachtung 35 Euro<\/h4>\n\n\n\n<h3 class=\"wp-block-heading\">Belegung 2-3 Personen<\/h3>\n\n\n\n<h4 class=\"wp-block-heading\">Pro \u00dcbernachtung 60 Euro<br><br><\/h4>\n\n\n\n<h3 class=\"wp-block-heading\">Sonstiges<\/h3>\n\n\n\n<p>In der gesamten Wohnung ist das Rauchen nicht gestattet. <br>Die  Bettw\u00e4sche ist im Mietpreis enthalten, Handt\u00fccher k\u00f6nnen gegen einen  Aufpreis von 5 Euro pro Person und Woche gestellt werden.<br>Die Kosten f\u00fcr die Endreinigung betragen pauschal 30 Euro.<br>Ein Stellplatz f\u00fcr Ihren PKW ist direkt auf dem Grundst\u00fcck vorhanden.<br>Fr\u00fchst\u00fccksangebot siehe bitte Umgebung\/Aktivit\u00e4ten.<br><a href=\"https:\/\/www.bauernhaus-urlaub.de\/wp-content\/uploads\/2019\/11\/Ausstattungsliste-Ferienwohnung.pdf\">Ausstattungsliste Ferienwohnung<\/a><\/p>\n","protected":false},"excerpt":{"rendered":"<p>Idyllisch inmitten des Naturparks Wildeshauser Geest zwischen Oldenburg und Osnabr\u00fcck liegt die Ferienwohnung am alten Bauernhaus in der Ortschaft Regente. Ausgestattet mit nostalgischem Mobiliar l\u00e4dt die ca. 60qm umfassende Wohnung zum Tr\u00e4umen ein. Wohnk\u00fcche Die Wohnk\u00fcche ist ausgestattet mit Elektrobackofen &hellip; <a href=\"https:\/\/www.bauernhaus-urlaub.de\/\">Weiterlesen <span class=\"meta-nav\">&rarr;<\/span><\/a><\/p>\n","protected":false},"author":3,"featured_media":0,"parent":0,"menu_order":0,"comment_status":"closed","ping_status":"closed","template":"","meta":{"footnotes":""},"class_list":["post-12","page","type-page","status-publish","hentry"],"_links":{"self":[{"href":"https:\/\/www.bauernhaus-urlaub.de\/index.php\/wp-json\/wp\/v2\/pages\/12","targetHints":{"allow":["GET"]}}],"collection":[{"href":"https:\/\/www.bauernhaus-urlaub.de\/index.php\/wp-json\/wp\/v2\/pages"}],"about":[{"href":"https:\/\/www.bauernhaus-urlaub.de\/index.php\/wp-json\/wp\/v2\/types\/page"}],"author":[{"embeddable":true,"href":"https:\/\/www.bauernhaus-urlaub.de\/index.php\/wp-json\/wp\/v2\/users\/3"}],"replies":[{"embeddable":true,"href":"https:\/\/www.bauernhaus-urlaub.de\/index.php\/wp-json\/wp\/v2\/comments?post=12"}],"version-history":[{"count":3,"href":"https:\/\/www.bauernhaus-urlaub.de\/index.php\/wp-json\/wp\/v2\/pages\/12\/revisions"}],"predecessor-version":[{"id":120,"href":"https:\/\/www.bauernhaus-urlaub.de\/index.php\/wp-json\/wp\/v2\/pages\/12\/revisions\/120"}],"wp:attachment":[{"href":"https:\/\/www.bauernhaus-urlaub.de\/index.php\/wp-json\/wp\/v2\/media?parent=12"}],"curies":[{"name":"wp","href":"https:\/\/api.w.org\/{rel}","templated":true}]}}